{"id":231,"date":"2017-08-30T16:46:03","date_gmt":"2017-08-30T21:46:03","guid":{"rendered":"https:\/\/www.copiadorascopysan.com.ec\/ecuador\/?page_id=231"},"modified":"2017-09-14T11:25:11","modified_gmt":"2017-09-14T16:25:11","slug":"mejoramos-tu-proforma","status":"publish","type":"page","link":"https:\/\/www.copiadorascopysan.com.ec\/ecuador\/mejoramos-tu-proforma\/","title":{"rendered":"Mejoramos tu proforma"},"content":{"rendered":"<p>Copiadoras Copysan es l\u00edder en ventas al por mayor y menor de copiadoras el mercado Ecuatoriano, como importadores directos podemos mejorar tu cotizaci\u00f3n, solo env\u00edanos tu proforma y recibir\u00e1s un precio especial.<\/p>\n<p><img decoding=\"async\" class=\"alignnone size-full wp-image-253\" src=\"https:\/\/www.copiadorascopysan.com.ec\/ecuador\/wp-content\/uploads\/2017\/08\/mejoramos-coticacion-quito-copiadoras-manta-machala.jpg\" alt=\"\" width=\"100%\" height=\"auto\" srcset=\"https:\/\/www.copiadorascopysan.com.ec\/ecuador\/wp-content\/uploads\/2017\/08\/mejoramos-coticacion-quito-copiadoras-manta-machala.jpg 1132w, https:\/\/www.copiadorascopysan.com.ec\/ecuador\/wp-content\/uploads\/2017\/08\/mejoramos-coticacion-quito-copiadoras-manta-machala-300x289.jpg 300w, https:\/\/www.copiadorascopysan.com.ec\/ecuador\/wp-content\/uploads\/2017\/08\/mejoramos-coticacion-quito-copiadoras-manta-machala-768x741.jpg 768w, https:\/\/www.copiadorascopysan.com.ec\/ecuador\/wp-content\/uploads\/2017\/08\/mejoramos-coticacion-quito-copiadoras-manta-machala-1024x988.jpg 1024w\" sizes=\"(max-width: 1132px) 100vw, 1132px\" \/><\/p>\n","protected":false},"excerpt":{"rendered":"<p>Copiadoras Copysan es l\u00edder en ventas al por mayor y menor de copiadoras el mercado Ecuatoriano, como importadores directos podemos mejorar tu cotizaci\u00f3n, solo env\u00edanos tu proforma y recibir\u00e1s un precio especial.<\/p>\n","protected":false},"author":1,"featured_media":0,"parent":0,"menu_order":0,"comment_status":"closed","ping_status":"closed","template":"","meta":{"footnotes":""},"class_list":["post-231","page","type-page","status-publish","hentry"],"yoast_head":"<!-- This site is optimized with the Yoast SEO plugin v24.2 - https:\/\/yoast.com\/wordpress\/plugins\/seo\/ -->\n<title>Mejoramos tu proforma | Copiadoras Copysan<\/title>\n<meta name=\"description\" content=\"Copiadoras Copysan es l\u00edder en ventas al por mayor y menor de copiadoras el mercado Ecuatoriano, como importadores directos podemos mejorar tu cotizaci\u00f3n,\" \/>\n<meta name=\"robots\" content=\"index, follow, max-snippet:-1, max-image-preview:large, max-video-preview:-1\" \/>\n<link rel=\"canonical\" href=\"https:\/\/www.copiadorascopysan.com.ec\/ecuador\/mejoramos-tu-proforma\/\" \/>\n<meta property=\"og:locale\" content=\"es_ES\" \/>\n<meta property=\"og:type\" content=\"article\" \/>\n<meta property=\"og:title\" content=\"Mejoramos cualquier cotizaci\u00f3n\" \/>\n<meta property=\"og:description\" content=\"Trae tu cotizaci\u00f3n y la mejoraremos, como importadores directos te ofrecemos los mejores precios del mercado.\" \/>\n<meta property=\"og:url\" content=\"https:\/\/www.copiadorascopysan.com.ec\/ecuador\/mejoramos-tu-proforma\/\" \/>\n<meta property=\"og:site_name\" content=\"Copiadoras Copysan\" \/>\n<meta property=\"article:modified_time\" content=\"2017-09-14T16:25:11+00:00\" \/>\n<meta property=\"og:image\" content=\"https:\/\/www.copiadorascopysan.com.ec\/ecuador\/wp-content\/uploads\/2017\/08\/MURO3.jpg\" \/>\n\t<meta property=\"og:image:width\" content=\"1200\" \/>\n\t<meta property=\"og:image:height\" content=\"628\" \/>\n\t<meta property=\"og:image:type\" content=\"image\/jpeg\" \/>\n<meta name=\"twitter:card\" content=\"summary_large_image\" \/>\n<script type=\"application\/ld+json\" class=\"yoast-schema-graph\">{\"@context\":\"https:\/\/schema.org\",\"@graph\":[{\"@type\":\"WebPage\",\"@id\":\"https:\/\/www.copiadorascopysan.com.ec\/ecuador\/mejoramos-tu-proforma\/\",\"url\":\"https:\/\/www.copiadorascopysan.com.ec\/ecuador\/mejoramos-tu-proforma\/\",\"name\":\"Mejoramos tu proforma | Copiadoras Copysan\",\"isPartOf\":{\"@id\":\"https:\/\/www.copiadorascopysan.com.ec\/ecuador\/#website\"},\"primaryImageOfPage\":{\"@id\":\"https:\/\/www.copiadorascopysan.com.ec\/ecuador\/mejoramos-tu-proforma\/#primaryimage\"},\"image\":{\"@id\":\"https:\/\/www.copiadorascopysan.com.ec\/ecuador\/mejoramos-tu-proforma\/#primaryimage\"},\"thumbnailUrl\":\"https:\/\/www.copiadorascopysan.com.ec\/ecuador\/wp-content\/uploads\/2017\/08\/mejoramos-coticacion-quito-copiadoras-manta-machala.jpg\",\"datePublished\":\"2017-08-30T21:46:03+00:00\",\"dateModified\":\"2017-09-14T16:25:11+00:00\",\"description\":\"Copiadoras Copysan es l\u00edder en ventas al por mayor y menor de copiadoras el mercado Ecuatoriano, como importadores directos podemos mejorar tu cotizaci\u00f3n,\",\"breadcrumb\":{\"@id\":\"https:\/\/www.copiadorascopysan.com.ec\/ecuador\/mejoramos-tu-proforma\/#breadcrumb\"},\"inLanguage\":\"es\",\"potentialAction\":[{\"@type\":\"ReadAction\",\"target\":[\"https:\/\/www.copiadorascopysan.com.ec\/ecuador\/mejoramos-tu-proforma\/\"]}]},{\"@type\":\"ImageObject\",\"inLanguage\":\"es\",\"@id\":\"https:\/\/www.copiadorascopysan.com.ec\/ecuador\/mejoramos-tu-proforma\/#primaryimage\",\"url\":\"https:\/\/www.copiadorascopysan.com.ec\/ecuador\/wp-content\/uploads\/2017\/08\/mejoramos-coticacion-quito-copiadoras-manta-machala.jpg\",\"contentUrl\":\"https:\/\/www.copiadorascopysan.com.ec\/ecuador\/wp-content\/uploads\/2017\/08\/mejoramos-coticacion-quito-copiadoras-manta-machala.jpg\",\"width\":1132,\"height\":1092},{\"@type\":\"BreadcrumbList\",\"@id\":\"https:\/\/www.copiadorascopysan.com.ec\/ecuador\/mejoramos-tu-proforma\/#breadcrumb\",\"itemListElement\":[{\"@type\":\"ListItem\",\"position\":1,\"name\":\"Portada\",\"item\":\"https:\/\/www.copiadorascopysan.com.ec\/ecuador\/\"},{\"@type\":\"ListItem\",\"position\":2,\"name\":\"Mejoramos tu proforma\"}]},{\"@type\":\"WebSite\",\"@id\":\"https:\/\/www.copiadorascopysan.com.ec\/ecuador\/#website\",\"url\":\"https:\/\/www.copiadorascopysan.com.ec\/ecuador\/\",\"name\":\"Copiadoras Copysan\",\"description\":\"Copiadoras Copysan\",\"publisher\":{\"@id\":\"https:\/\/www.copiadorascopysan.com.ec\/ecuador\/#organization\"},\"potentialAction\":[{\"@type\":\"SearchAction\",\"target\":{\"@type\":\"EntryPoint\",\"urlTemplate\":\"https:\/\/www.copiadorascopysan.com.ec\/ecuador\/?s={search_term_string}\"},\"query-input\":{\"@type\":\"PropertyValueSpecification\",\"valueRequired\":true,\"valueName\":\"search_term_string\"}}],\"inLanguage\":\"es\"},{\"@type\":\"Organization\",\"@id\":\"https:\/\/www.copiadorascopysan.com.ec\/ecuador\/#organization\",\"name\":\"Importadora Copysan\",\"url\":\"https:\/\/www.copiadorascopysan.com.ec\/ecuador\/\",\"logo\":{\"@type\":\"ImageObject\",\"inLanguage\":\"es\",\"@id\":\"https:\/\/www.copiadorascopysan.com.ec\/ecuador\/#\/schema\/logo\/image\/\",\"url\":\"https:\/\/www.copiadorascopysan.com.ec\/ecuador\/wp-content\/uploads\/2017\/08\/logo.png\",\"contentUrl\":\"https:\/\/www.copiadorascopysan.com.ec\/ecuador\/wp-content\/uploads\/2017\/08\/logo.png\",\"width\":774,\"height\":172,\"caption\":\"Importadora Copysan\"},\"image\":{\"@id\":\"https:\/\/www.copiadorascopysan.com.ec\/ecuador\/#\/schema\/logo\/image\/\"}}]}<\/script>\n<!-- \/ Yoast SEO plugin. -->","yoast_head_json":{"title":"Mejoramos tu proforma | Copiadoras Copysan","description":"Copiadoras Copysan es l\u00edder en ventas al por mayor y menor de copiadoras el mercado Ecuatoriano, como importadores directos podemos mejorar tu cotizaci\u00f3n,","robots":{"index":"index","follow":"follow","max-snippet":"max-snippet:-1","max-image-preview":"max-image-preview:large","max-video-preview":"max-video-preview:-1"},"canonical":"https:\/\/www.copiadorascopysan.com.ec\/ecuador\/mejoramos-tu-proforma\/","og_locale":"es_ES","og_type":"article","og_title":"Mejoramos cualquier cotizaci\u00f3n","og_description":"Trae tu cotizaci\u00f3n y la mejoraremos, como importadores directos te ofrecemos los mejores precios del mercado.","og_url":"https:\/\/www.copiadorascopysan.com.ec\/ecuador\/mejoramos-tu-proforma\/","og_site_name":"Copiadoras Copysan","article_modified_time":"2017-09-14T16:25:11+00:00","og_image":[{"width":1200,"height":628,"url":"https:\/\/www.copiadorascopysan.com.ec\/ecuador\/wp-content\/uploads\/2017\/08\/MURO3.jpg","type":"image\/jpeg"}],"twitter_card":"summary_large_image","schema":{"@context":"https:\/\/schema.org","@graph":[{"@type":"WebPage","@id":"https:\/\/www.copiadorascopysan.com.ec\/ecuador\/mejoramos-tu-proforma\/","url":"https:\/\/www.copiadorascopysan.com.ec\/ecuador\/mejoramos-tu-proforma\/","name":"Mejoramos tu proforma | Copiadoras Copysan","isPartOf":{"@id":"https:\/\/www.copiadorascopysan.com.ec\/ecuador\/#website"},"primaryImageOfPage":{"@id":"https:\/\/www.copiadorascopysan.com.ec\/ecuador\/mejoramos-tu-proforma\/#primaryimage"},"image":{"@id":"https:\/\/www.copiadorascopysan.com.ec\/ecuador\/mejoramos-tu-proforma\/#primaryimage"},"thumbnailUrl":"https:\/\/www.copiadorascopysan.com.ec\/ecuador\/wp-content\/uploads\/2017\/08\/mejoramos-coticacion-quito-copiadoras-manta-machala.jpg","datePublished":"2017-08-30T21:46:03+00:00","dateModified":"2017-09-14T16:25:11+00:00","description":"Copiadoras Copysan es l\u00edder en ventas al por mayor y menor de copiadoras el mercado Ecuatoriano, como importadores directos podemos mejorar tu cotizaci\u00f3n,","breadcrumb":{"@id":"https:\/\/www.copiadorascopysan.com.ec\/ecuador\/mejoramos-tu-proforma\/#breadcrumb"},"inLanguage":"es","potentialAction":[{"@type":"ReadAction","target":["https:\/\/www.copiadorascopysan.com.ec\/ecuador\/mejoramos-tu-proforma\/"]}]},{"@type":"ImageObject","inLanguage":"es","@id":"https:\/\/www.copiadorascopysan.com.ec\/ecuador\/mejoramos-tu-proforma\/#primaryimage","url":"https:\/\/www.copiadorascopysan.com.ec\/ecuador\/wp-content\/uploads\/2017\/08\/mejoramos-coticacion-quito-copiadoras-manta-machala.jpg","contentUrl":"https:\/\/www.copiadorascopysan.com.ec\/ecuador\/wp-content\/uploads\/2017\/08\/mejoramos-coticacion-quito-copiadoras-manta-machala.jpg","width":1132,"height":1092},{"@type":"BreadcrumbList","@id":"https:\/\/www.copiadorascopysan.com.ec\/ecuador\/mejoramos-tu-proforma\/#breadcrumb","itemListElement":[{"@type":"ListItem","position":1,"name":"Portada","item":"https:\/\/www.copiadorascopysan.com.ec\/ecuador\/"},{"@type":"ListItem","position":2,"name":"Mejoramos tu proforma"}]},{"@type":"WebSite","@id":"https:\/\/www.copiadorascopysan.com.ec\/ecuador\/#website","url":"https:\/\/www.copiadorascopysan.com.ec\/ecuador\/","name":"Copiadoras Copysan","description":"Copiadoras Copysan","publisher":{"@id":"https:\/\/www.copiadorascopysan.com.ec\/ecuador\/#organization"},"potentialAction":[{"@type":"SearchAction","target":{"@type":"EntryPoint","urlTemplate":"https:\/\/www.copiadorascopysan.com.ec\/ecuador\/?s={search_term_string}"},"query-input":{"@type":"PropertyValueSpecification","valueRequired":true,"valueName":"search_term_string"}}],"inLanguage":"es"},{"@type":"Organization","@id":"https:\/\/www.copiadorascopysan.com.ec\/ecuador\/#organization","name":"Importadora Copysan","url":"https:\/\/www.copiadorascopysan.com.ec\/ecuador\/","logo":{"@type":"ImageObject","inLanguage":"es","@id":"https:\/\/www.copiadorascopysan.com.ec\/ecuador\/#\/schema\/logo\/image\/","url":"https:\/\/www.copiadorascopysan.com.ec\/ecuador\/wp-content\/uploads\/2017\/08\/logo.png","contentUrl":"https:\/\/www.copiadorascopysan.com.ec\/ecuador\/wp-content\/uploads\/2017\/08\/logo.png","width":774,"height":172,"caption":"Importadora Copysan"},"image":{"@id":"https:\/\/www.copiadorascopysan.com.ec\/ecuador\/#\/schema\/logo\/image\/"}}]}},"_links":{"self":[{"href":"https:\/\/www.copiadorascopysan.com.ec\/ecuador\/wp-json\/wp\/v2\/pages\/231","targetHints":{"allow":["GET"]}}],"collection":[{"href":"https:\/\/www.copiadorascopysan.com.ec\/ecuador\/wp-json\/wp\/v2\/pages"}],"about":[{"href":"https:\/\/www.copiadorascopysan.com.ec\/ecuador\/wp-json\/wp\/v2\/types\/page"}],"author":[{"embeddable":true,"href":"https:\/\/www.copiadorascopysan.com.ec\/ecuador\/wp-json\/wp\/v2\/users\/1"}],"replies":[{"embeddable":true,"href":"https:\/\/www.copiadorascopysan.com.ec\/ecuador\/wp-json\/wp\/v2\/comments?post=231"}],"version-history":[{"count":8,"href":"https:\/\/www.copiadorascopysan.com.ec\/ecuador\/wp-json\/wp\/v2\/pages\/231\/revisions"}],"predecessor-version":[{"id":254,"href":"https:\/\/www.copiadorascopysan.com.ec\/ecuador\/wp-json\/wp\/v2\/pages\/231\/revisions\/254"}],"wp:attachment":[{"href":"https:\/\/www.copiadorascopysan.com.ec\/ecuador\/wp-json\/wp\/v2\/media?parent=231"}],"curies":[{"name":"wp","href":"https:\/\/api.w.org\/{rel}","templated":true}]}}