{"id":329,"date":"2017-10-13T17:20:21","date_gmt":"2017-10-13T22:20:21","guid":{"rendered":"https:\/\/www.copiadorascopysan.com.ec\/ecuador\/?post_type=product&#038;p=329"},"modified":"2023-11-07T15:27:30","modified_gmt":"2023-11-07T20:27:30","slug":"ricoh-mpc-5503","status":"publish","type":"product","link":"https:\/\/www.copiadorascopysan.com.ec\/ecuador\/copiadoras\/color\/ricoh-mpc-5503\/","title":{"rendered":"RICOH MPC 5503 REMANUFACTURADA DE FABRICA"},"content":{"rendered":"<table style=\"width: 65.4857%; height: 284px;\">\n<tbody>\n<tr style=\"height: 24px;\">\n<td style=\"width: 183.295px; height: 24px; text-align: center;\" colspan=\"2\">COPIADORA<\/td>\n<\/tr>\n<tr style=\"height: 24px;\">\n<td style=\"width: 183.295px; height: 24px;\">Velocidad de copiado<\/td>\n<td style=\"width: 186.023px; height: 24px;\">55 copias por minuto<\/td>\n<\/tr>\n<tr style=\"height: 24px;\">\n<td style=\"width: 183.295px; height: 24px;\">Resoluci\u00f3n<\/td>\n<td style=\"width: 186.023px; height: 24px;\">600 dpi (4bit)<\/td>\n<\/tr>\n<tr style=\"height: 24px;\">\n<td style=\"width: 183.295px; height: 24px;\">Copia m\u00faltiple:<\/td>\n<td style=\"width: 186.023px; height: 24px;\">hasta 999 copias<\/td>\n<\/tr>\n<tr style=\"height: 24px;\">\n<td style=\"width: 183.295px; height: 24px;\">Tiempo de calentamiento:<\/td>\n<td style=\"width: 186.023px; height: 24px;\">19 segundos<\/td>\n<\/tr>\n<tr style=\"height: 24px;\">\n<td style=\"width: 183.295px; height: 24px;\">Velocidad de primera impresi\u00f3n:<\/td>\n<td style=\"width: 186.023px; height: 24px;\">4.6\/7.1 segundos<\/td>\n<\/tr>\n<tr style=\"height: 44px;\">\n<td style=\"width: 183.295px; height: 44px;\">Zoom:<\/td>\n<td style=\"width: 186.023px; height: 44px;\">200 &#8211; 400% (en incrementos del 1%)<\/td>\n<\/tr>\n<tr style=\"height: 24px;\">\n<td style=\"width: 183.295px; height: 24px;\">Tama\u00f1o de papel:<\/td>\n<td style=\"width: 186.023px; height: 24px;\">A5, A4, A3<\/td>\n<\/tr>\n<tr style=\"height: 24px;\">\n<td style=\"width: 183.295px; height: 24px;\">Fuente de alimentaci\u00f3n:<\/td>\n<td style=\"width: 186.023px; height: 24px;\">110V, 50\/60Hz<\/td>\n<\/tr>\n<tr style=\"height: 24px;\">\n<td style=\"width: 183.295px; height: 24px;\">Consumo de energ\u00eda:<\/td>\n<td style=\"width: 186.023px; height: 24px;\">funcionamiento m\u00e1ximo 1700W<\/td>\n<\/tr>\n<tr style=\"height: 24px;\">\n<td style=\"width: 183.295px; height: 24px;\">Modo ahorro de energ\u00eda:<\/td>\n<td style=\"width: 186.023px; height: 24px;\">menos de 1 W<\/td>\n<\/tr>\n<tr style=\"height: 24px;\">\n<td style=\"width: 183.295px; height: 24px;\">Memoria HDD:<\/td>\n<td style=\"width: 186.023px; height: 24px;\">250Gb<\/td>\n<\/tr>\n<tr style=\"height: 24px;\">\n<td style=\"width: 183.295px; height: 24px;\">Dimensiones:<\/td>\n<td style=\"width: 186.023px; height: 24px;\">668 x 738 x 1155 mm<\/td>\n<\/tr>\n<tr style=\"height: 24px;\">\n<td style=\"width: 183.295px; height: 24px;\">Peso:<\/td>\n<td style=\"width: 186.023px; height: 24px;\">85 kg<\/td>\n<\/tr>\n<\/tbody>\n<\/table>\n<table style=\"width: 65.4857%; height: 144px;\">\n<tbody>\n<tr style=\"height: 24px;\">\n<td style=\"width: 183.295px; height: 24px; text-align: center;\" colspan=\"2\">IMPRESORA<\/td>\n<\/tr>\n<tr style=\"height: 24px;\">\n<td style=\"width: 183.295px; height: 24px;\">Velocidad de impresi\u00f3n:<\/td>\n<td style=\"width: 186.023px; height: 24px;\">55 copias por minuto<\/td>\n<\/tr>\n<tr style=\"height: 24px;\">\n<td style=\"width: 183.295px; height: 24px;\">Lenguaje de la impresora:<\/td>\n<td style=\"width: 186.023px; height: 24px;\">Est\u00e1ndar PCL5C, PCL6, impresi\u00f3n directa PDF, Mediaprint (JPEG\/TIFF) opci\u00f3n Adobe\u00ae PostScript\u00ae 3\u2122<\/td>\n<\/tr>\n<tr style=\"height: 24px;\">\n<td style=\"width: 183.295px; height: 24px;\">Resoluci\u00f3n:<\/td>\n<td style=\"width: 186.023px; height: 24px;\">m\u00e1xima 1200 x 1200 dpi<\/td>\n<\/tr>\n<tr style=\"height: 24px;\">\n<td style=\"width: 183.295px; height: 24px;\">Protocolo de red:<\/td>\n<td style=\"width: 186.023px; height: 24px;\">TCP\/ IP<\/td>\n<\/tr>\n<tr style=\"height: 24px;\">\n<td style=\"width: 183.295px; height: 24px;\">Entornos compatibles:<\/td>\n<td style=\"width: 186.023px; height: 24px;\">Windows 2000\/XP<\/td>\n<\/tr>\n<\/tbody>\n<\/table>\n<table style=\"width: 65.4857%; height: 72px;\">\n<tbody>\n<tr style=\"height: 24px;\">\n<td style=\"width: 183.295px; height: 24px; text-align: center;\" colspan=\"2\">ESC\u00c1NER<\/td>\n<\/tr>\n<tr style=\"height: 24px;\">\n<td style=\"width: 183.295px; height: 24px;\">Resoluci\u00f3n m\u00e1xima:<\/td>\n<td style=\"width: 186.023px; height: 24px;\">1200 dpi<\/td>\n<\/tr>\n<tr style=\"height: 24px;\">\n<td style=\"width: 183.295px; height: 24px;\">M\u00e9todo de compresi\u00f3n:<\/td>\n<td style=\"width: 186.023px; height: 24px;\">PDF, 1 sola p\u00e1gina. PDF-A, multip\u00e1gina TIFF, multip\u00e1gina PDF<\/td>\n<\/tr>\n<\/tbody>\n<\/table>\n","protected":false},"excerpt":{"rendered":"<table>\n<tbody>\n<tr>\n<td><img loading=\"lazy\" decoding=\"async\" class=\"wp-image-61 aligncenter\" src=\"https:\/\/www.copiadorascopysan.com.ec\/ecuador\/wp-content\/uploads\/2017\/07\/MULTIFUNCION.jpg\" alt=\"\" width=\"26\" height=\"26\" \/><\/td>\n<td>Copiadora, impresora, esc\u00e1ner<\/td>\n<\/tr>\n<tr>\n<td><img loading=\"lazy\" decoding=\"async\" class=\"wp-image-62 aligncenter\" src=\"https:\/\/www.copiadorascopysan.com.ec\/ecuador\/wp-content\/uploads\/2017\/07\/VELOOCIDAD.jpg\" alt=\"\" width=\"30\" height=\"30\" \/><\/td>\n<td>55 copias por minuto<\/td>\n<\/tr>\n<tr>\n<td><img loading=\"lazy\" decoding=\"async\" class=\"alignnone wp-image-60\" src=\"https:\/\/www.copiadorascopysan.com.ec\/ecuador\/wp-content\/uploads\/2017\/07\/COLOR.jpg\" alt=\"\" width=\"32\" height=\"32\" \/><\/td>\n<td>COLOR<\/td>\n<\/tr>\n<\/tbody>\n<\/table>\n[product_stock id=\"142\"]\n","protected":false},"featured_media":3397,"comment_status":"closed","ping_status":"closed","template":"","meta":[],"product_cat":[15,16],"product_tag":[21,18],"class_list":{"0":"post-329","1":"product","2":"type-product","3":"status-publish","4":"has-post-thumbnail","6":"product_cat-color","7":"product_cat-ricoh","8":"product_tag-bn","9":"product_tag-ricoh","11":"first","12":"outofstock","13":"shipping-taxable","14":"product-type-simple"},"yoast_head":"<!-- This site is optimized with the Yoast SEO plugin v24.2 - https:\/\/yoast.com\/wordpress\/plugins\/seo\/ -->\n<title>RICOH MPC 5503 REMANUFACTURADA DE FABRICA | Copiadoras Copysan<\/title>\n<meta name=\"description\" content=\"Copiadora, impresora, esc\u00e1ner55 copias por minutoCOLOR\" \/>\n<meta name=\"robots\" content=\"index, follow, max-snippet:-1, max-image-preview:large, max-video-preview:-1\" \/>\n<link rel=\"canonical\" href=\"https:\/\/www.copiadorascopysan.com.ec\/ecuador\/copiadoras\/color\/ricoh-mpc-5503\/\" \/>\n<meta property=\"og:locale\" content=\"es_ES\" \/>\n<meta property=\"og:type\" content=\"article\" \/>\n<meta property=\"og:title\" content=\"RICOH MPC 5503 REMANUFACTURADA DE FABRICA | Copiadoras Copysan\" \/>\n<meta property=\"og:description\" content=\"Copiadora, impresora, esc\u00e1ner55 copias por minutoCOLOR\" \/>\n<meta property=\"og:url\" content=\"https:\/\/www.copiadorascopysan.com.ec\/ecuador\/copiadoras\/color\/ricoh-mpc-5503\/\" \/>\n<meta property=\"og:site_name\" content=\"Copiadoras Copysan\" \/>\n<meta property=\"article:modified_time\" content=\"2023-11-07T20:27:30+00:00\" \/>\n<meta property=\"og:image\" content=\"https:\/\/www.copiadorascopysan.com.ec\/ecuador\/wp-content\/uploads\/2017\/10\/5503.jpg\" \/>\n\t<meta property=\"og:image:width\" content=\"458\" \/>\n\t<meta property=\"og:image:height\" content=\"458\" \/>\n\t<meta property=\"og:image:type\" content=\"image\/jpeg\" \/>\n<meta name=\"twitter:card\" content=\"summary_large_image\" \/>\n<meta name=\"twitter:label1\" content=\"Tiempo de lectura\" \/>\n\t<meta name=\"twitter:data1\" content=\"1 minuto\" \/>\n<script type=\"application\/ld+json\" class=\"yoast-schema-graph\">{\"@context\":\"https:\/\/schema.org\",\"@graph\":[{\"@type\":\"WebPage\",\"@id\":\"https:\/\/www.copiadorascopysan.com.ec\/ecuador\/copiadoras\/color\/ricoh-mpc-5503\/\",\"url\":\"https:\/\/www.copiadorascopysan.com.ec\/ecuador\/copiadoras\/color\/ricoh-mpc-5503\/\",\"name\":\"RICOH MPC 5503 REMANUFACTURADA DE FABRICA | Copiadoras Copysan\",\"isPartOf\":{\"@id\":\"https:\/\/www.copiadorascopysan.com.ec\/ecuador\/#website\"},\"primaryImageOfPage\":{\"@id\":\"https:\/\/www.copiadorascopysan.com.ec\/ecuador\/copiadoras\/color\/ricoh-mpc-5503\/#primaryimage\"},\"image\":{\"@id\":\"https:\/\/www.copiadorascopysan.com.ec\/ecuador\/copiadoras\/color\/ricoh-mpc-5503\/#primaryimage\"},\"thumbnailUrl\":\"https:\/\/www.copiadorascopysan.com.ec\/ecuador\/wp-content\/uploads\/2017\/10\/5503.jpg\",\"datePublished\":\"2017-10-13T22:20:21+00:00\",\"dateModified\":\"2023-11-07T20:27:30+00:00\",\"description\":\"Copiadora, impresora, esc\u00e1ner55 copias por minutoCOLOR\",\"breadcrumb\":{\"@id\":\"https:\/\/www.copiadorascopysan.com.ec\/ecuador\/copiadoras\/color\/ricoh-mpc-5503\/#breadcrumb\"},\"inLanguage\":\"es\",\"potentialAction\":[{\"@type\":\"ReadAction\",\"target\":[\"https:\/\/www.copiadorascopysan.com.ec\/ecuador\/copiadoras\/color\/ricoh-mpc-5503\/\"]}]},{\"@type\":\"ImageObject\",\"inLanguage\":\"es\",\"@id\":\"https:\/\/www.copiadorascopysan.com.ec\/ecuador\/copiadoras\/color\/ricoh-mpc-5503\/#primaryimage\",\"url\":\"https:\/\/www.copiadorascopysan.com.ec\/ecuador\/wp-content\/uploads\/2017\/10\/5503.jpg\",\"contentUrl\":\"https:\/\/www.copiadorascopysan.com.ec\/ecuador\/wp-content\/uploads\/2017\/10\/5503.jpg\",\"width\":458,\"height\":458},{\"@type\":\"BreadcrumbList\",\"@id\":\"https:\/\/www.copiadorascopysan.com.ec\/ecuador\/copiadoras\/color\/ricoh-mpc-5503\/#breadcrumb\",\"itemListElement\":[{\"@type\":\"ListItem\",\"position\":1,\"name\":\"Portada\",\"item\":\"https:\/\/www.copiadorascopysan.com.ec\/ecuador\/\"},{\"@type\":\"ListItem\",\"position\":2,\"name\":\"Copiadoras\",\"item\":\"https:\/\/www.copiadorascopysan.com.ec\/ecuador\/copiadoras\/\"},{\"@type\":\"ListItem\",\"position\":3,\"name\":\"RICOH MPC 5503 REMANUFACTURADA DE FABRICA\"}]},{\"@type\":\"WebSite\",\"@id\":\"https:\/\/www.copiadorascopysan.com.ec\/ecuador\/#website\",\"url\":\"https:\/\/www.copiadorascopysan.com.ec\/ecuador\/\",\"name\":\"Copiadoras Copysan\",\"description\":\"Copiadoras Copysan\",\"publisher\":{\"@id\":\"https:\/\/www.copiadorascopysan.com.ec\/ecuador\/#organization\"},\"potentialAction\":[{\"@type\":\"SearchAction\",\"target\":{\"@type\":\"EntryPoint\",\"urlTemplate\":\"https:\/\/www.copiadorascopysan.com.ec\/ecuador\/?s={search_term_string}\"},\"query-input\":{\"@type\":\"PropertyValueSpecification\",\"valueRequired\":true,\"valueName\":\"search_term_string\"}}],\"inLanguage\":\"es\"},{\"@type\":\"Organization\",\"@id\":\"https:\/\/www.copiadorascopysan.com.ec\/ecuador\/#organization\",\"name\":\"Importadora Copysan\",\"url\":\"https:\/\/www.copiadorascopysan.com.ec\/ecuador\/\",\"logo\":{\"@type\":\"ImageObject\",\"inLanguage\":\"es\",\"@id\":\"https:\/\/www.copiadorascopysan.com.ec\/ecuador\/#\/schema\/logo\/image\/\",\"url\":\"https:\/\/www.copiadorascopysan.com.ec\/ecuador\/wp-content\/uploads\/2017\/08\/logo.png\",\"contentUrl\":\"https:\/\/www.copiadorascopysan.com.ec\/ecuador\/wp-content\/uploads\/2017\/08\/logo.png\",\"width\":774,\"height\":172,\"caption\":\"Importadora Copysan\"},\"image\":{\"@id\":\"https:\/\/www.copiadorascopysan.com.ec\/ecuador\/#\/schema\/logo\/image\/\"}}]}<\/script>\n<!-- \/ Yoast SEO plugin. -->","yoast_head_json":{"title":"RICOH MPC 5503 REMANUFACTURADA DE FABRICA | Copiadoras Copysan","description":"Copiadora, impresora, esc\u00e1ner55 copias por minutoCOLOR","robots":{"index":"index","follow":"follow","max-snippet":"max-snippet:-1","max-image-preview":"max-image-preview:large","max-video-preview":"max-video-preview:-1"},"canonical":"https:\/\/www.copiadorascopysan.com.ec\/ecuador\/copiadoras\/color\/ricoh-mpc-5503\/","og_locale":"es_ES","og_type":"article","og_title":"RICOH MPC 5503 REMANUFACTURADA DE FABRICA | Copiadoras Copysan","og_description":"Copiadora, impresora, esc\u00e1ner55 copias por minutoCOLOR","og_url":"https:\/\/www.copiadorascopysan.com.ec\/ecuador\/copiadoras\/color\/ricoh-mpc-5503\/","og_site_name":"Copiadoras Copysan","article_modified_time":"2023-11-07T20:27:30+00:00","og_image":[{"width":458,"height":458,"url":"https:\/\/www.copiadorascopysan.com.ec\/ecuador\/wp-content\/uploads\/2017\/10\/5503.jpg","type":"image\/jpeg"}],"twitter_card":"summary_large_image","twitter_misc":{"Tiempo de lectura":"1 minuto"},"schema":{"@context":"https:\/\/schema.org","@graph":[{"@type":"WebPage","@id":"https:\/\/www.copiadorascopysan.com.ec\/ecuador\/copiadoras\/color\/ricoh-mpc-5503\/","url":"https:\/\/www.copiadorascopysan.com.ec\/ecuador\/copiadoras\/color\/ricoh-mpc-5503\/","name":"RICOH MPC 5503 REMANUFACTURADA DE FABRICA | Copiadoras Copysan","isPartOf":{"@id":"https:\/\/www.copiadorascopysan.com.ec\/ecuador\/#website"},"primaryImageOfPage":{"@id":"https:\/\/www.copiadorascopysan.com.ec\/ecuador\/copiadoras\/color\/ricoh-mpc-5503\/#primaryimage"},"image":{"@id":"https:\/\/www.copiadorascopysan.com.ec\/ecuador\/copiadoras\/color\/ricoh-mpc-5503\/#primaryimage"},"thumbnailUrl":"https:\/\/www.copiadorascopysan.com.ec\/ecuador\/wp-content\/uploads\/2017\/10\/5503.jpg","datePublished":"2017-10-13T22:20:21+00:00","dateModified":"2023-11-07T20:27:30+00:00","description":"Copiadora, impresora, esc\u00e1ner55 copias por minutoCOLOR","breadcrumb":{"@id":"https:\/\/www.copiadorascopysan.com.ec\/ecuador\/copiadoras\/color\/ricoh-mpc-5503\/#breadcrumb"},"inLanguage":"es","potentialAction":[{"@type":"ReadAction","target":["https:\/\/www.copiadorascopysan.com.ec\/ecuador\/copiadoras\/color\/ricoh-mpc-5503\/"]}]},{"@type":"ImageObject","inLanguage":"es","@id":"https:\/\/www.copiadorascopysan.com.ec\/ecuador\/copiadoras\/color\/ricoh-mpc-5503\/#primaryimage","url":"https:\/\/www.copiadorascopysan.com.ec\/ecuador\/wp-content\/uploads\/2017\/10\/5503.jpg","contentUrl":"https:\/\/www.copiadorascopysan.com.ec\/ecuador\/wp-content\/uploads\/2017\/10\/5503.jpg","width":458,"height":458},{"@type":"BreadcrumbList","@id":"https:\/\/www.copiadorascopysan.com.ec\/ecuador\/copiadoras\/color\/ricoh-mpc-5503\/#breadcrumb","itemListElement":[{"@type":"ListItem","position":1,"name":"Portada","item":"https:\/\/www.copiadorascopysan.com.ec\/ecuador\/"},{"@type":"ListItem","position":2,"name":"Copiadoras","item":"https:\/\/www.copiadorascopysan.com.ec\/ecuador\/copiadoras\/"},{"@type":"ListItem","position":3,"name":"RICOH MPC 5503 REMANUFACTURADA DE FABRICA"}]},{"@type":"WebSite","@id":"https:\/\/www.copiadorascopysan.com.ec\/ecuador\/#website","url":"https:\/\/www.copiadorascopysan.com.ec\/ecuador\/","name":"Copiadoras Copysan","description":"Copiadoras Copysan","publisher":{"@id":"https:\/\/www.copiadorascopysan.com.ec\/ecuador\/#organization"},"potentialAction":[{"@type":"SearchAction","target":{"@type":"EntryPoint","urlTemplate":"https:\/\/www.copiadorascopysan.com.ec\/ecuador\/?s={search_term_string}"},"query-input":{"@type":"PropertyValueSpecification","valueRequired":true,"valueName":"search_term_string"}}],"inLanguage":"es"},{"@type":"Organization","@id":"https:\/\/www.copiadorascopysan.com.ec\/ecuador\/#organization","name":"Importadora Copysan","url":"https:\/\/www.copiadorascopysan.com.ec\/ecuador\/","logo":{"@type":"ImageObject","inLanguage":"es","@id":"https:\/\/www.copiadorascopysan.com.ec\/ecuador\/#\/schema\/logo\/image\/","url":"https:\/\/www.copiadorascopysan.com.ec\/ecuador\/wp-content\/uploads\/2017\/08\/logo.png","contentUrl":"https:\/\/www.copiadorascopysan.com.ec\/ecuador\/wp-content\/uploads\/2017\/08\/logo.png","width":774,"height":172,"caption":"Importadora Copysan"},"image":{"@id":"https:\/\/www.copiadorascopysan.com.ec\/ecuador\/#\/schema\/logo\/image\/"}}]}},"_links":{"self":[{"href":"https:\/\/www.copiadorascopysan.com.ec\/ecuador\/wp-json\/wp\/v2\/product\/329","targetHints":{"allow":["GET"]}}],"collection":[{"href":"https:\/\/www.copiadorascopysan.com.ec\/ecuador\/wp-json\/wp\/v2\/product"}],"about":[{"href":"https:\/\/www.copiadorascopysan.com.ec\/ecuador\/wp-json\/wp\/v2\/types\/product"}],"replies":[{"embeddable":true,"href":"https:\/\/www.copiadorascopysan.com.ec\/ecuador\/wp-json\/wp\/v2\/comments?post=329"}],"wp:featuredmedia":[{"embeddable":true,"href":"https:\/\/www.copiadorascopysan.com.ec\/ecuador\/wp-json\/wp\/v2\/media\/3397"}],"wp:attachment":[{"href":"https:\/\/www.copiadorascopysan.com.ec\/ecuador\/wp-json\/wp\/v2\/media?parent=329"}],"wp:term":[{"taxonomy":"product_cat","embeddable":true,"href":"https:\/\/www.copiadorascopysan.com.ec\/ecuador\/wp-json\/wp\/v2\/product_cat?post=329"},{"taxonomy":"product_tag","embeddable":true,"href":"https:\/\/www.copiadorascopysan.com.ec\/ecuador\/wp-json\/wp\/v2\/product_tag?post=329"}],"curies":[{"name":"wp","href":"https:\/\/api.w.org\/{rel}","templated":true}]}}